{"id":14759,"date":"2024-05-22T18:32:35","date_gmt":"2024-05-22T16:32:35","guid":{"rendered":"https:\/\/newbti.spri.eus\/cookie-policy\/"},"modified":"2025-02-03T16:46:47","modified_gmt":"2025-02-03T15:46:47","slug":"cookie-policy","status":"publish","type":"page","link":"https:\/\/basquetrade.spri.eus\/en\/cookie-policy\/","title":{"rendered":"Cookie policy"},"content":{"rendered":"<style>.kb-row-layout-wrap.wp-block-kadence-rowlayout.kb-row-layout-id14759_563308-39{margin-bottom:0px;}.kb-row-layout-id14759_563308-39 > .kt-row-column-wrap{align-content:start;}:where(.kb-row-layout-id14759_563308-39 > .kt-row-column-wrap) > .wp-block-kadence-column{justify-content:start;}.kb-row-layout-id14759_563308-39 > .kt-row-column-wrap{column-gap:var(--global-kb-gap-md, 2rem);row-gap:var(--global-kb-gap-md, 2rem);max-width:1200px;padding-top:var(--global-kb-spacing-xl, 4rem);padding-bottom:var(--global-kb-spacing-xl, 4rem);min-height:300px;grid-template-columns:minmax(0, 1fr);}.kb-row-layout-id14759_563308-39{background-image:url('https:\/\/basquetrade.spri.eus\/wp-content\/uploads\/2024\/01\/basquetrade-contacto.jpg');background-size:cover;background-position:50% 0%;background-attachment:scroll;background-repeat:no-repeat;}.kb-row-layout-id14759_563308-39 > .kt-row-layout-overlay{opacity:0.50;background-color:#1e1e1e;mix-blend-mode:normal;}@media all and (max-width: 1024px){.kb-row-layout-id14759_563308-39 > .kt-row-column-wrap{padding-right:var(--global-kb-spacing-md, 2rem);padding-left:var(--global-kb-spacing-md, 2rem);grid-template-columns:minmax(0, 1fr);}}@media all and (max-width: 767px){.kb-row-layout-id14759_563308-39 > .kt-row-column-wrap{padding-right:var(--global-kb-spacing-sm, 1.5rem);padding-left:var(--global-kb-spacing-sm, 1.5rem);grid-template-columns:minmax(0, 1fr);}}<\/style><section class=\"kb-row-layout-wrap kb-row-layout-id14759_563308-39 alignfull kt-row-has-bg wp-block-kadence-rowlayout\"><div class=\"kt-row-layout-overlay kt-row-overlay-normal\"><\/div><div class=\"kt-row-column-wrap kt-has-1-columns kt-row-layout-equal kt-tab-layout-inherit kt-mobile-layout-row kt-row-valign-top kb-theme-content-width\">\n<style>.kadence-column14759_4d1bd7-60 > .kt-inside-inner-col,.kadence-column14759_4d1bd7-60 > .kt-inside-inner-col:before{border-top-left-radius:0px;border-top-right-radius:0px;border-bottom-right-radius:0px;border-bottom-left-radius:0px;}.kadence-column14759_4d1bd7-60 > .kt-inside-inner-col{column-gap:var(--global-kb-gap-sm, 1rem);}.kadence-column14759_4d1bd7-60 > .kt-inside-inner-col{flex-direction:column;}.kadence-column14759_4d1bd7-60 > .kt-inside-inner-col > .aligncenter{width:100%;}.kadence-column14759_4d1bd7-60 > .kt-inside-inner-col:before{opacity:0.3;}.kadence-column14759_4d1bd7-60{position:relative;}.kadence-column14759_4d1bd7-60, .kt-inside-inner-col > .kadence-column14759_4d1bd7-60:not(.specificity){margin-top:0px;}@media all and (max-width: 1024px){.kadence-column14759_4d1bd7-60 > .kt-inside-inner-col{flex-direction:column;justify-content:center;}}@media all and (max-width: 767px){.kadence-column14759_4d1bd7-60 > .kt-inside-inner-col{flex-direction:column;justify-content:center;}}<\/style>\n<div class=\"wp-block-kadence-column kadence-column14759_4d1bd7-60 inner-column-1\"><div class=\"kt-inside-inner-col\"><style>.wp-block-kadence-advancedheading.kt-adv-heading14759_354669-fe, .wp-block-kadence-advancedheading.kt-adv-heading14759_354669-fe[data-kb-block=\"kb-adv-heading14759_354669-fe\"]{margin-top:var(--global-kb-spacing-xs, 1rem);margin-bottom:var(--global-kb-spacing-sm, 1.5rem);text-align:center;font-style:normal;text-transform:none;}.wp-block-kadence-advancedheading.kt-adv-heading14759_354669-fe mark.kt-highlight, .wp-block-kadence-advancedheading.kt-adv-heading14759_354669-fe[data-kb-block=\"kb-adv-heading14759_354669-fe\"] mark.kt-highlight{font-style:normal;color:#f76a0c;-webkit-box-decoration-break:clone;box-decoration-break:clone;padding-top:0px;padding-right:0px;padding-bottom:0px;padding-left:0px;}<\/style>\n<h1 class=\"kt-adv-heading14759_354669-fe wp-block-kadence-advancedheading has-white-color has-text-color\" data-kb-block=\"kb-adv-heading14759_354669-fe\">Cookie policy<\/h1>\n<\/div><\/div>\n\n<\/div><\/section>\n\n<style>.kb-row-layout-wrap.wp-block-kadence-rowlayout.kb-row-layout-id14759_645f56-d6{margin-bottom:0px;}.kb-row-layout-id14759_645f56-d6 > .kt-row-column-wrap{align-content:start;}:where(.kb-row-layout-id14759_645f56-d6 > .kt-row-column-wrap) > .wp-block-kadence-column{justify-content:start;}.kb-row-layout-id14759_645f56-d6 > .kt-row-column-wrap{column-gap:var(--global-kb-gap-md, 2rem);row-gap:var(--global-kb-gap-md, 2rem);max-width:1200px;padding-top:var(--global-kb-spacing-sm, 1.5rem);padding-right:var(--global-kb-spacing-lg, 3rem);padding-bottom:var(--global-kb-spacing-xxs, 0.5rem);padding-left:var(--global-kb-spacing-lg, 3rem);grid-template-columns:minmax(0, 1fr);}.kb-row-layout-id14759_645f56-d6 > .kt-row-layout-overlay{opacity:0.30;}@media all and (max-width: 1024px){.kb-row-layout-id14759_645f56-d6 > .kt-row-column-wrap{grid-template-columns:minmax(0, 1fr);}}@media all and (max-width: 767px){.kb-row-layout-id14759_645f56-d6 > .kt-row-column-wrap{grid-template-columns:minmax(0, 1fr);}}<\/style><div class=\"kb-row-layout-wrap kb-row-layout-id14759_645f56-d6 alignfull wp-block-kadence-rowlayout\"><div class=\"kt-row-column-wrap kt-has-1-columns kt-row-layout-equal kt-tab-layout-inherit kt-mobile-layout-row kt-row-valign-top kb-theme-content-width\">\n<style>.kadence-column14759_6aab20-f5 > .kt-inside-inner-col,.kadence-column14759_6aab20-f5 > .kt-inside-inner-col:before{border-top-left-radius:0px;border-top-right-radius:0px;border-bottom-right-radius:0px;border-bottom-left-radius:0px;}.kadence-column14759_6aab20-f5 > .kt-inside-inner-col{column-gap:var(--global-kb-gap-sm, 1rem);}.kadence-column14759_6aab20-f5 > .kt-inside-inner-col{flex-direction:column;}.kadence-column14759_6aab20-f5 > .kt-inside-inner-col > .aligncenter{width:100%;}.kadence-column14759_6aab20-f5 > .kt-inside-inner-col:before{opacity:0.3;}.kadence-column14759_6aab20-f5{position:relative;}@media all and (max-width: 1024px){.kadence-column14759_6aab20-f5 > .kt-inside-inner-col{flex-direction:column;justify-content:center;}}@media all and (max-width: 767px){.kadence-column14759_6aab20-f5 > .kt-inside-inner-col{flex-direction:column;justify-content:center;}}<\/style>\n<div class=\"wp-block-kadence-column kadence-column14759_6aab20-f5\"><div class=\"kt-inside-inner-col\"><nav aria-label=\"breadcrumbs\" class=\"rank-math-breadcrumb\"><p><span><span><a href=\"https:\/\/basquetrade.spri.eus\/en\/\">Portada<\/a><\/span><\/span><\/p><\/nav>\n<\/div><\/div>\n\n<\/div><\/div>\n\n<style>.kb-row-layout-wrap.wp-block-kadence-rowlayout.kb-row-layout-id14759_e20b4e-c6{margin-bottom:0px;}.kb-row-layout-id14759_e20b4e-c6 > .kt-row-column-wrap{align-content:start;}:where(.kb-row-layout-id14759_e20b4e-c6 > .kt-row-column-wrap) > .wp-block-kadence-column{justify-content:start;}.kb-row-layout-id14759_e20b4e-c6 > .kt-row-column-wrap{column-gap:var(--global-kb-gap-md, 2rem);row-gap:var(--global-kb-gap-md, 2rem);max-width:1200px;padding-top:var(--global-kb-spacing-lg, 3rem);padding-right:var(--global-kb-spacing-lg, 3rem);padding-bottom:var(--global-kb-spacing-xxl, 5rem);padding-left:var(--global-kb-spacing-lg, 3rem);grid-template-columns:minmax(0, 1fr);}.kb-row-layout-id14759_e20b4e-c6 > .kt-row-layout-overlay{opacity:0.30;}@media all and (max-width: 1024px){.kb-row-layout-id14759_e20b4e-c6 > .kt-row-column-wrap{padding-top:var(--global-kb-spacing-lg, 3rem);padding-right:var(--global-kb-spacing-md, 2rem);padding-bottom:var(--global-kb-spacing-lg, 3rem);padding-left:var(--global-kb-spacing-md, 2rem);grid-template-columns:minmax(0, 1fr);}}@media all and (max-width: 767px){.kb-row-layout-id14759_e20b4e-c6 > .kt-row-column-wrap{padding-top:var(--global-kb-spacing-lg, 3rem);padding-right:var(--global-kb-spacing-sm, 1.5rem);padding-bottom:var(--global-kb-spacing-lg, 3rem);padding-left:var(--global-kb-spacing-sm, 1.5rem);grid-template-columns:minmax(0, 1fr);}}<\/style><div class=\"kb-row-layout-wrap kb-row-layout-id14759_e20b4e-c6 alignfull kt-row-has-bg wp-block-kadence-rowlayout\"><div class=\"kt-row-column-wrap kt-has-1-columns kt-row-layout-equal kt-tab-layout-inherit kt-mobile-layout-row kt-row-valign-top kb-theme-content-width\">\n<style>.kadence-column14759_b830f3-62 > .kt-inside-inner-col,.kadence-column14759_b830f3-62 > .kt-inside-inner-col:before{border-top-left-radius:0px;border-top-right-radius:0px;border-bottom-right-radius:0px;border-bottom-left-radius:0px;}.kadence-column14759_b830f3-62 > .kt-inside-inner-col{column-gap:var(--global-kb-gap-sm, 1rem);}.kadence-column14759_b830f3-62 > .kt-inside-inner-col{flex-direction:column;}.kadence-column14759_b830f3-62 > .kt-inside-inner-col > .aligncenter{width:100%;}.kadence-column14759_b830f3-62 > .kt-inside-inner-col{background-color:var(u002du002dwhite);}.kadence-column14759_b830f3-62 > .kt-inside-inner-col:before{opacity:0.3;}.kadence-column14759_b830f3-62{text-align:center;}.kadence-column14759_b830f3-62{position:relative;}@media all and (max-width: 1024px){.kadence-column14759_b830f3-62 > .kt-inside-inner-col{flex-direction:column;justify-content:center;}}@media all and (max-width: 767px){.kadence-column14759_b830f3-62 > .kt-inside-inner-col{flex-direction:column;justify-content:center;}}<\/style>\n<div class=\"wp-block-kadence-column kadence-column14759_b830f3-62\"><div class=\"kt-inside-inner-col\">\n<h2 class=\"wp-block-heading\">What are cookies?<\/h2>\n\n\n\n<p>This website uses cookies and\/or similar technologies that store and retrieve information in the user\u2019s browser and which allow us to obtain information about your browsing for various purposes. The specific uses we make of these technologies are described below. <\/p>\n\n\n\n<h2 class=\"wp-block-heading\">Types of cookies and purposes for the use of cookies<\/h2>\n\n\n\n<p>On this website, we use our own cookies (owned by SPRI \u2013 Basque Business Development Agency and generated from this domain), as well as third-party cookies (managed by third parties and generally generated from the domain of the corresponding third party). Some of these cookies are session cookies (they store and retrieve information while the user accesses the website, and are deleted at the end of the session) and others are persistent cookies (lasting from a few minutes to several years). <\/p>\n\n\n\n<p>The user can learn more about the transfers to third countries that, where appropriate, are made by the third parties identified in this Cookie Policy in their respective policies (see the links provided in the \u201cThird party cookies\u201d section).<\/p>\n\n\n\n<h2 class=\"wp-block-heading\">Own Cookies<\/h2>\n\n\n\n<p><strong>Technical Cookies<\/strong><br>These cookies are necessary for the website to work, so they cannot be disabled. They are generally only set up in response to your actions when you request services, such as setting your privacy preferences, logging in, or filling out forms, and do not store personally identifiable information. If the user configures their browser to block these cookies, the website will not function correctly.  <\/p>\n\n\n\n<h2 class=\"wp-block-heading\">Third-Party Cookies<\/h2>\n\n\n\n<h3 class=\"wp-block-heading\"><strong>Cookies used in this website<\/strong><\/h3>\n\n\n\n<h4 class=\"wp-block-heading\"><strong>Analytics Cookies<\/strong><\/h4>\n\n\n\n<p>They help website owners understand how visitors interact with websites by collecting and providing information anonymously.<\/p>\n\n\n\n<figure class=\"wp-block-table\"><table><thead><tr><th>Provider<\/th><th>Conservation period<\/th><th>More information<\/th><\/tr><\/thead><tbody><tr><th>Google<\/th><td>24 months<\/td><td><a href=\"https:\/\/policies.google.com\/technologies\/cookies?hl=es\" target=\"_blank\" rel=\"noreferrer noopener\">How does Google use cookies<\/a><a href=\"https:\/\/policies.google.com\/technologies\/cookies?hl=es#types-of-cookies\" target=\"_blank\" rel=\"noreferrer noopener\">Types of cookies Google uses<\/a><a href=\"https:\/\/developers.google.com\/analytics\/devguides\/collection\/analyticsjs\/cookie-usage?hl=es\" target=\"_blank\" rel=\"noreferrer noopener\">Information about Google Analytics<\/a><\/td><\/tr><\/tbody><\/table><\/figure>\n\n\n\n<h4 class=\"wp-block-heading\"><strong>Behavioural Advertising Cookies<\/strong><\/h4>\n\n\n\n<p>They allow us to analyse the user\u2019s Internet browsing habits so that we can show them adverts related to their browsing profile.<\/p>\n\n\n\n<figure class=\"wp-block-table\"><table><thead><tr><th>Provider<\/th><th>Conservation period<\/th><th>More information<\/th><\/tr><\/thead><tbody><tr><th>YouTube<\/th><td>Persistent<\/td><td><a href=\"https:\/\/policies.google.com\/technologies\/types?hl=es\" target=\"_blank\" rel=\"noreferrer noopener\">YouTube: more information<\/a><\/td><\/tr><tr><th>Active Campaign<\/th><td>30 days<\/td><td><a href=\"https:\/\/www.activecampaign.com\/legal\/cookie-policy\" target=\"_blank\" rel=\"noreferrer noopener\">Acive Campaign: more information<\/a><\/td><\/tr><tr><th>Google Maps<\/th><td>6 months<\/td><td><a href=\"https:\/\/policies.google.com\/technologies\/types?hl=es\" target=\"_blank\" rel=\"noreferrer noopener\">Google Maps: more information<\/a><\/td><\/tr><tr><th>Google reCaptcha<\/th><td>6 months<\/td><td><a href=\"https:\/\/policies.google.com\/technologies\/types?hl=es\" target=\"_blank\" rel=\"noreferrer noopener\">Google reCaptcha: more information<\/a><\/td><\/tr><\/tbody><\/table><\/figure>\n\n\n\n<h3 class=\"wp-block-heading\">Modify your consent settings<\/h3>\n\n\n\n<p>T\u00e9cnicasSiempre activoEstad\u00edsticasEstad\u00edsticasMarketingMarketing<\/p>\n\n\n\n<hr class=\"wp-block-separator has-alpha-channel-opacity\"\/>\n\n\n\n<h4 class=\"wp-block-heading\"><strong>How to disable or delete cookies?<\/strong><\/h4>\n\n\n\n<p>The user can, at any time, accept, configure and reject <strong>own cookies<\/strong> from the configuration panel.<\/p>\n\n\n\n<p>It should be noted that, if the user accepts<strong> third-party cookies<\/strong>, they should be deleted from the browser options or from the system offered by the third party itself.<\/p>\n\n\n\n<p>Here are the instructions provided by some browsers:<\/p>\n\n\n\n<ul class=\"wp-block-list\">\n<li><a href=\"https:\/\/support.google.com\/chrome\/answer\/95647?hl=es\">Google Chrome<\/a><\/li>\n\n\n\n<li><a href=\"https:\/\/basquetrade.spri.eus\/support.mozilla.org\/es\/kb\/cookies-informacion-que-los-sitios-web-guardan-en-\">Mozilla Firefox<\/a><\/li>\n\n\n\n<li><a href=\"http:\/\/windows.microsoft.com\/es-es\/internet-explorer\/delete-manage-cookies#ie=ie-11\">Internet Explorer<\/a><\/li>\n\n\n\n<li><a href=\"https:\/\/support.microsoft.com\/es-es\/help\/4027947\/microsoft-edge-delete-cookies\">Microsoft Edge<\/a><\/li>\n\n\n\n<li><a href=\"https:\/\/support.apple.com\/es-es\/guide\/safari\/sfri11471\/mac\">Safari<\/a><\/li>\n<\/ul>\n\n\n\n<p>Some third parties also provide <em>opt-out <\/em>systems or other solutions:<\/p>\n\n\n\n<ul class=\"wp-block-list\">\n<li>Facebook: Ad<a href=\"https:\/\/www.facebook.com\/ads\/preferences\/edit\/\"> preferences <\/a>and <a href=\"https:\/\/www.facebook.com\/ads\/settings\">Ad settings<\/a><\/li>\n\n\n\n<li>Google:<a href=\"https:\/\/tools.google.com\/dlpage\/gaoptout?hl=None\"> Google Analytics Opt-out Browser Add-on<\/a>, <a href=\"https:\/\/adssettings.google.com\/?hl=es\">disable ad personalization<\/a> and <a href=\"https:\/\/chrome.google.com\/webstore\/detail\/iba-opt-out-by-google\/gbiekjoijknlhijdjbaadobpkdhmoebb?hl=es\">Google Chrome extension to opt-out of DoubleClick advertising cookies<\/a><\/li>\n\n\n\n<li>Twitter: <a href=\"https:\/\/twitter.com\/settings\/account\/personalization\">opt-out of ad personalization<\/a><\/li>\n\n\n\n<li><a href=\"https:\/\/www.adobe.com\/es\/privacy\/cookies.html\">Adobe<\/a><\/li>\n<\/ul>\n\n\n\n<p>If the user accepts the use of cookies and then rejects them, some of these cookies will remain installed on the user\u2019s device. If you want to delete them, you can do it from your browser, as indicated above in same section <\/p>\n\n\n\n<p><strong>Updates and changes to the Cookie Policy<\/strong><\/p>\n\n\n\n<p>SPRI \u2013 Basque Business Development Agency may modify this Cookies Policy according to new legislative or regulatory requirements, or in order to adapt the policy to the instructions issued by the Spanish Data Protection Agency [Agencia Espa\u00f1ola de Protecci\u00f3n de Datos].<\/p>\n\n\n\n<p>The user will be notified of any significant changes to this Cookie Policy and, if necessary, will be asked to consent to the use of cookies.<\/p>\n<\/div><\/div>\n\n<\/div><\/div>","protected":false},"excerpt":{"rendered":"<p>Cookie policy What are cookies? This website uses cookies and\/or similar technologies that store and retrieve information in the user\u2019s browser and which allow us to obtain information about your browsing for various purposes. The specific uses we make of these technologies are described below. Types of cookies and purposes for the use of cookies &#8230; <a title=\"Cookie policy\" class=\"read-more\" href=\"https:\/\/basquetrade.spri.eus\/en\/cookie-policy\/\" aria-label=\"Read more about Cookie policy\">Read more<\/a><\/p>\n","protected":false},"author":1,"featured_media":0,"parent":0,"menu_order":0,"comment_status":"closed","ping_status":"closed","template":"","meta":{"footnotes":""},"class_list":["post-14759","page","type-page","status-publish"],"yoast_head":"<!-- This site is optimized with the Yoast SEO Premium plugin v25.9 (Yoast SEO v25.9) - https:\/\/yoast.com\/wordpress\/plugins\/seo\/ -->\n<title>Cookie policy - Basque Trade &amp; Investment<\/title>\n<meta name=\"robots\" content=\"index, follow, max-snippet:-1, max-image-preview:large, max-video-preview:-1\" \/>\n<link rel=\"canonical\" href=\"https:\/\/basquetrade.spri.eus\/politica-de-cookies\/\" \/>\n<meta property=\"og:locale\" content=\"en_US\" \/>\n<meta property=\"og:type\" content=\"article\" \/>\n<meta property=\"og:title\" content=\"Cookie policy\" \/>\n<meta property=\"og:description\" content=\"Cookie policy What are cookies? This website uses cookies and\/or similar technologies that store and retrieve information in the user\u2019s browser and which allow us to obtain information about your browsing for various purposes. The specific uses we make of these technologies are described below. Types of cookies and purposes for the use of cookies ... Read more\" \/>\n<meta property=\"og:url\" content=\"https:\/\/basquetrade.spri.eus\/politica-de-cookies\/\" \/>\n<meta property=\"og:site_name\" content=\"Basque Trade &amp; Investment\" \/>\n<meta property=\"article:modified_time\" content=\"2025-02-03T15:46:47+00:00\" \/>\n<meta name=\"twitter:card\" content=\"summary_large_image\" \/>\n<meta name=\"twitter:label1\" content=\"Est. reading time\" \/>\n\t<meta name=\"twitter:data1\" content=\"3 minutes\" \/>\n<script type=\"application\/ld+json\" class=\"yoast-schema-graph\">{\"@context\":\"https:\/\/schema.org\",\"@graph\":[{\"@type\":\"WebPage\",\"@id\":\"https:\/\/basquetrade.spri.eus\/politica-de-cookies\/\",\"url\":\"https:\/\/basquetrade.spri.eus\/politica-de-cookies\/\",\"name\":\"Cookie policy - Basque Trade &amp; Investment\",\"isPartOf\":{\"@id\":\"https:\/\/basquetrade.spri.eus\/#website\"},\"datePublished\":\"2024-05-22T16:32:35+00:00\",\"dateModified\":\"2025-02-03T15:46:47+00:00\",\"breadcrumb\":{\"@id\":\"https:\/\/basquetrade.spri.eus\/politica-de-cookies\/#breadcrumb\"},\"inLanguage\":\"en-US\",\"potentialAction\":[{\"@type\":\"ReadAction\",\"target\":[\"https:\/\/basquetrade.spri.eus\/politica-de-cookies\/\"]}]},{\"@type\":\"BreadcrumbList\",\"@id\":\"https:\/\/basquetrade.spri.eus\/politica-de-cookies\/#breadcrumb\",\"itemListElement\":[{\"@type\":\"ListItem\",\"position\":1,\"name\":\"Portada\",\"item\":\"https:\/\/basquetrade.spri.eus\/en\/\"},{\"@type\":\"ListItem\",\"position\":2,\"name\":\"Cookie policy\"}]},{\"@type\":\"WebSite\",\"@id\":\"https:\/\/basquetrade.spri.eus\/#website\",\"url\":\"https:\/\/basquetrade.spri.eus\/\",\"name\":\"Basque Trade &amp; Investment\",\"description\":\"Agencia Vasca de Internacionalizaci\u00f3n \u2013 Basque Trade &amp; Investment\",\"publisher\":{\"@id\":\"https:\/\/basquetrade.spri.eus\/#organization\"},\"potentialAction\":[{\"@type\":\"SearchAction\",\"target\":{\"@type\":\"EntryPoint\",\"urlTemplate\":\"https:\/\/basquetrade.spri.eus\/?s={search_term_string}\"},\"query-input\":{\"@type\":\"PropertyValueSpecification\",\"valueRequired\":true,\"valueName\":\"search_term_string\"}}],\"inLanguage\":\"en-US\"},{\"@type\":\"Organization\",\"@id\":\"https:\/\/basquetrade.spri.eus\/#organization\",\"name\":\"Basque Trade &amp; Investment\",\"url\":\"https:\/\/basquetrade.spri.eus\/\",\"logo\":{\"@type\":\"ImageObject\",\"inLanguage\":\"en-US\",\"@id\":\"https:\/\/basquetrade.spri.eus\/#\/schema\/logo\/image\/\",\"url\":\"https:\/\/basquetrade.spri.eus\/\/wp-content\/uploads\/2025\/04\/head-logo-BasqueTrade.jpg\",\"contentUrl\":\"https:\/\/basquetrade.spri.eus\/\/wp-content\/uploads\/2025\/04\/head-logo-BasqueTrade.jpg\",\"width\":230,\"height\":100,\"caption\":\"Basque Trade &amp; Investment\"},\"image\":{\"@id\":\"https:\/\/basquetrade.spri.eus\/#\/schema\/logo\/image\/\"}}]}<\/script>\n<!-- \/ Yoast SEO Premium plugin. -->","yoast_head_json":{"title":"Cookie policy - Basque Trade &amp; Investment","robots":{"index":"index","follow":"follow","max-snippet":"max-snippet:-1","max-image-preview":"max-image-preview:large","max-video-preview":"max-video-preview:-1"},"canonical":"https:\/\/basquetrade.spri.eus\/politica-de-cookies\/","og_locale":"en_US","og_type":"article","og_title":"Cookie policy","og_description":"Cookie policy What are cookies? This website uses cookies and\/or similar technologies that store and retrieve information in the user\u2019s browser and which allow us to obtain information about your browsing for various purposes. The specific uses we make of these technologies are described below. Types of cookies and purposes for the use of cookies ... Read more","og_url":"https:\/\/basquetrade.spri.eus\/politica-de-cookies\/","og_site_name":"Basque Trade &amp; Investment","article_modified_time":"2025-02-03T15:46:47+00:00","twitter_card":"summary_large_image","twitter_misc":{"Est. reading time":"3 minutes"},"schema":{"@context":"https:\/\/schema.org","@graph":[{"@type":"WebPage","@id":"https:\/\/basquetrade.spri.eus\/politica-de-cookies\/","url":"https:\/\/basquetrade.spri.eus\/politica-de-cookies\/","name":"Cookie policy - Basque Trade &amp; Investment","isPartOf":{"@id":"https:\/\/basquetrade.spri.eus\/#website"},"datePublished":"2024-05-22T16:32:35+00:00","dateModified":"2025-02-03T15:46:47+00:00","breadcrumb":{"@id":"https:\/\/basquetrade.spri.eus\/politica-de-cookies\/#breadcrumb"},"inLanguage":"en-US","potentialAction":[{"@type":"ReadAction","target":["https:\/\/basquetrade.spri.eus\/politica-de-cookies\/"]}]},{"@type":"BreadcrumbList","@id":"https:\/\/basquetrade.spri.eus\/politica-de-cookies\/#breadcrumb","itemListElement":[{"@type":"ListItem","position":1,"name":"Portada","item":"https:\/\/basquetrade.spri.eus\/en\/"},{"@type":"ListItem","position":2,"name":"Cookie policy"}]},{"@type":"WebSite","@id":"https:\/\/basquetrade.spri.eus\/#website","url":"https:\/\/basquetrade.spri.eus\/","name":"Basque Trade &amp; Investment","description":"Agencia Vasca de Internacionalizaci\u00f3n \u2013 Basque Trade &amp; Investment","publisher":{"@id":"https:\/\/basquetrade.spri.eus\/#organization"},"potentialAction":[{"@type":"SearchAction","target":{"@type":"EntryPoint","urlTemplate":"https:\/\/basquetrade.spri.eus\/?s={search_term_string}"},"query-input":{"@type":"PropertyValueSpecification","valueRequired":true,"valueName":"search_term_string"}}],"inLanguage":"en-US"},{"@type":"Organization","@id":"https:\/\/basquetrade.spri.eus\/#organization","name":"Basque Trade &amp; Investment","url":"https:\/\/basquetrade.spri.eus\/","logo":{"@type":"ImageObject","inLanguage":"en-US","@id":"https:\/\/basquetrade.spri.eus\/#\/schema\/logo\/image\/","url":"https:\/\/basquetrade.spri.eus\/\/wp-content\/uploads\/2025\/04\/head-logo-BasqueTrade.jpg","contentUrl":"https:\/\/basquetrade.spri.eus\/\/wp-content\/uploads\/2025\/04\/head-logo-BasqueTrade.jpg","width":230,"height":100,"caption":"Basque Trade &amp; Investment"},"image":{"@id":"https:\/\/basquetrade.spri.eus\/#\/schema\/logo\/image\/"}}]}},"_links":{"self":[{"href":"https:\/\/basquetrade.spri.eus\/en\/wp-json\/wp\/v2\/pages\/14759","targetHints":{"allow":["GET"]}}],"collection":[{"href":"https:\/\/basquetrade.spri.eus\/en\/wp-json\/wp\/v2\/pages"}],"about":[{"href":"https:\/\/basquetrade.spri.eus\/en\/wp-json\/wp\/v2\/types\/page"}],"author":[{"embeddable":true,"href":"https:\/\/basquetrade.spri.eus\/en\/wp-json\/wp\/v2\/users\/1"}],"replies":[{"embeddable":true,"href":"https:\/\/basquetrade.spri.eus\/en\/wp-json\/wp\/v2\/comments?post=14759"}],"version-history":[{"count":0,"href":"https:\/\/basquetrade.spri.eus\/en\/wp-json\/wp\/v2\/pages\/14759\/revisions"}],"wp:attachment":[{"href":"https:\/\/basquetrade.spri.eus\/en\/wp-json\/wp\/v2\/media?parent=14759"}],"curies":[{"name":"wp","href":"https:\/\/api.w.org\/{rel}","templated":true}]}}