{"id":14757,"date":"2024-05-22T18:32:35","date_gmt":"2024-05-22T16:32:35","guid":{"rendered":"https:\/\/newbti.spri.eus\/cookie-politika\/"},"modified":"2025-02-12T17:07:50","modified_gmt":"2025-02-12T16:07:50","slug":"cookie-politika","status":"publish","type":"page","link":"https:\/\/basquetrade.spri.eus\/eu\/cookie-politika\/","title":{"rendered":"Cookie politika"},"content":{"rendered":"<style>.kb-row-layout-wrap.wp-block-kadence-rowlayout.kb-row-layout-id3004_ffb90a-54{margin-bottom:0px;}.kb-row-layout-id3004_ffb90a-54 > .kt-row-column-wrap{align-content:start;}:where(.kb-row-layout-id3004_ffb90a-54 > .kt-row-column-wrap) > .wp-block-kadence-column{justify-content:start;}.kb-row-layout-id3004_ffb90a-54 > .kt-row-column-wrap{column-gap:var(--global-kb-gap-md, 2rem);row-gap:var(--global-kb-gap-md, 2rem);max-width:1200px;padding-top:var(--global-kb-spacing-xl, 4rem);padding-bottom:var(--global-kb-spacing-xl, 4rem);min-height:300px;grid-template-columns:minmax(0, 1fr);}.kb-row-layout-id3004_ffb90a-54{background-image:url('https:\/\/basquetrade.spri.eus\/wp-content\/uploads\/2024\/01\/basquetrade-contacto.jpg');background-size:cover;background-position:50% 0%;background-attachment:scroll;background-repeat:no-repeat;}.kb-row-layout-id3004_ffb90a-54 > .kt-row-layout-overlay{opacity:0.50;background-color:#1e1e1e;mix-blend-mode:normal;}@media all and (max-width: 1024px){.kb-row-layout-id3004_ffb90a-54 > .kt-row-column-wrap{padding-right:var(--global-kb-spacing-md, 2rem);padding-left:var(--global-kb-spacing-md, 2rem);grid-template-columns:minmax(0, 1fr);}}@media all and (max-width: 767px){.kb-row-layout-id3004_ffb90a-54 > .kt-row-column-wrap{padding-right:var(--global-kb-spacing-sm, 1.5rem);padding-left:var(--global-kb-spacing-sm, 1.5rem);grid-template-columns:minmax(0, 1fr);}}<\/style><section class=\"kb-row-layout-wrap kb-row-layout-id3004_ffb90a-54 alignfull kt-row-has-bg wp-block-kadence-rowlayout\"><div class=\"kt-row-layout-overlay kt-row-overlay-normal\"><\/div><div class=\"kt-row-column-wrap kt-has-1-columns kt-row-layout-equal kt-tab-layout-inherit kt-mobile-layout-row kt-row-valign-top kb-theme-content-width\">\n<style>.kadence-column3004_9b077a-24 > .kt-inside-inner-col,.kadence-column3004_9b077a-24 > .kt-inside-inner-col:before{border-top-left-radius:0px;border-top-right-radius:0px;border-bottom-right-radius:0px;border-bottom-left-radius:0px;}.kadence-column3004_9b077a-24 > .kt-inside-inner-col{column-gap:var(--global-kb-gap-sm, 1rem);}.kadence-column3004_9b077a-24 > .kt-inside-inner-col{flex-direction:column;}.kadence-column3004_9b077a-24 > .kt-inside-inner-col > .aligncenter{width:100%;}.kadence-column3004_9b077a-24 > .kt-inside-inner-col:before{opacity:0.3;}.kadence-column3004_9b077a-24{position:relative;}.kadence-column3004_9b077a-24, .kt-inside-inner-col > .kadence-column3004_9b077a-24:not(.specificity){margin-top:0px;}@media all and (max-width: 1024px){.kadence-column3004_9b077a-24 > .kt-inside-inner-col{flex-direction:column;justify-content:center;}}@media all and (max-width: 767px){.kadence-column3004_9b077a-24 > .kt-inside-inner-col{flex-direction:column;justify-content:center;}}<\/style>\n<div class=\"wp-block-kadence-column kadence-column3004_9b077a-24 inner-column-1\"><div class=\"kt-inside-inner-col\"><style>.wp-block-kadence-advancedheading.kt-adv-heading3004_ff0f11-d1, .wp-block-kadence-advancedheading.kt-adv-heading3004_ff0f11-d1[data-kb-block=\"kb-adv-heading3004_ff0f11-d1\"]{margin-top:var(--global-kb-spacing-xs, 1rem);margin-bottom:var(--global-kb-spacing-sm, 1.5rem);text-align:center;font-style:normal;text-transform:none;}.wp-block-kadence-advancedheading.kt-adv-heading3004_ff0f11-d1 mark.kt-highlight, .wp-block-kadence-advancedheading.kt-adv-heading3004_ff0f11-d1[data-kb-block=\"kb-adv-heading3004_ff0f11-d1\"] mark.kt-highlight{font-style:normal;color:#f76a0c;-webkit-box-decoration-break:clone;box-decoration-break:clone;padding-top:0px;padding-right:0px;padding-bottom:0px;padding-left:0px;}<\/style>\n<h1 class=\"kt-adv-heading3004_ff0f11-d1 wp-block-kadence-advancedheading has-white-color has-text-color\" data-kb-block=\"kb-adv-heading3004_ff0f11-d1\">Cookie politika<\/h1>\n<\/div><\/div>\n\n<\/div><\/section><style>.kb-row-layout-wrap.wp-block-kadence-rowlayout.kb-row-layout-id3004_ebd3e9-74{margin-bottom:0px;}.kb-row-layout-id3004_ebd3e9-74 > .kt-row-column-wrap{align-content:start;}:where(.kb-row-layout-id3004_ebd3e9-74 > .kt-row-column-wrap) > .wp-block-kadence-column{justify-content:start;}.kb-row-layout-id3004_ebd3e9-74 > .kt-row-column-wrap{column-gap:var(--global-kb-gap-md, 2rem);row-gap:var(--global-kb-gap-md, 2rem);max-width:1200px;padding-top:var(--global-kb-spacing-sm, 1.5rem);padding-right:var(--global-kb-spacing-lg, 3rem);padding-bottom:var(--global-kb-spacing-xxs, 0.5rem);padding-left:var(--global-kb-spacing-lg, 3rem);grid-template-columns:minmax(0, 1fr);}.kb-row-layout-id3004_ebd3e9-74 > .kt-row-layout-overlay{opacity:0.30;}@media all and (max-width: 1024px){.kb-row-layout-id3004_ebd3e9-74 > .kt-row-column-wrap{grid-template-columns:minmax(0, 1fr);}}@media all and (max-width: 767px){.kb-row-layout-id3004_ebd3e9-74 > .kt-row-column-wrap{grid-template-columns:minmax(0, 1fr);}}<\/style><div class=\"kb-row-layout-wrap kb-row-layout-id3004_ebd3e9-74 alignfull wp-block-kadence-rowlayout\"><div class=\"kt-row-column-wrap kt-has-1-columns kt-row-layout-equal kt-tab-layout-inherit kt-mobile-layout-row kt-row-valign-top kb-theme-content-width\">\n<style>.kadence-column3004_9181ea-a4 > .kt-inside-inner-col,.kadence-column3004_9181ea-a4 > .kt-inside-inner-col:before{border-top-left-radius:0px;border-top-right-radius:0px;border-bottom-right-radius:0px;border-bottom-left-radius:0px;}.kadence-column3004_9181ea-a4 > .kt-inside-inner-col{column-gap:var(--global-kb-gap-sm, 1rem);}.kadence-column3004_9181ea-a4 > .kt-inside-inner-col{flex-direction:column;}.kadence-column3004_9181ea-a4 > .kt-inside-inner-col > .aligncenter{width:100%;}.kadence-column3004_9181ea-a4 > .kt-inside-inner-col:before{opacity:0.3;}.kadence-column3004_9181ea-a4{position:relative;}@media all and (max-width: 1024px){.kadence-column3004_9181ea-a4 > .kt-inside-inner-col{flex-direction:column;justify-content:center;}}@media all and (max-width: 767px){.kadence-column3004_9181ea-a4 > .kt-inside-inner-col{flex-direction:column;justify-content:center;}}<\/style>\n<div class=\"wp-block-kadence-column kadence-column3004_9181ea-a4\"><div class=\"kt-inside-inner-col\"><nav aria-label=\"breadcrumbs\" class=\"rank-math-breadcrumb\"><p><span><span><a href=\"https:\/\/basquetrade.spri.eus\/eu\/\">Portada<\/a><\/span><\/span><\/p><\/nav>\n<\/div><\/div>\n\n<\/div><\/div><style>.kb-row-layout-wrap.wp-block-kadence-rowlayout.kb-row-layout-id3004_f7860f-be{margin-bottom:0px;}.kb-row-layout-id3004_f7860f-be > .kt-row-column-wrap{align-content:start;}:where(.kb-row-layout-id3004_f7860f-be > .kt-row-column-wrap) > .wp-block-kadence-column{justify-content:start;}.kb-row-layout-id3004_f7860f-be > .kt-row-column-wrap{column-gap:var(--global-kb-gap-md, 2rem);row-gap:var(--global-kb-gap-md, 2rem);max-width:1200px;padding-top:var(--global-kb-spacing-lg, 3rem);padding-right:var(--global-kb-spacing-lg, 3rem);padding-bottom:var(--global-kb-spacing-xxl, 5rem);padding-left:var(--global-kb-spacing-lg, 3rem);grid-template-columns:minmax(0, 1fr);}.kb-row-layout-id3004_f7860f-be > .kt-row-layout-overlay{opacity:0.30;}@media all and (max-width: 1024px){.kb-row-layout-id3004_f7860f-be > .kt-row-column-wrap{padding-top:var(--global-kb-spacing-lg, 3rem);padding-right:var(--global-kb-spacing-md, 2rem);padding-bottom:var(--global-kb-spacing-lg, 3rem);padding-left:var(--global-kb-spacing-md, 2rem);grid-template-columns:minmax(0, 1fr);}}@media all and (max-width: 767px){.kb-row-layout-id3004_f7860f-be > .kt-row-column-wrap{padding-top:var(--global-kb-spacing-lg, 3rem);padding-right:var(--global-kb-spacing-sm, 1.5rem);padding-bottom:var(--global-kb-spacing-lg, 3rem);padding-left:var(--global-kb-spacing-sm, 1.5rem);grid-template-columns:minmax(0, 1fr);}}<\/style><div class=\"kb-row-layout-wrap kb-row-layout-id3004_f7860f-be alignfull kt-row-has-bg wp-block-kadence-rowlayout\"><div class=\"kt-row-column-wrap kt-has-1-columns kt-row-layout-equal kt-tab-layout-inherit kt-mobile-layout-row kt-row-valign-top kb-theme-content-width\">\n<style>.kadence-column3004_82685b-ed > .kt-inside-inner-col,.kadence-column3004_82685b-ed > .kt-inside-inner-col:before{border-top-left-radius:0px;border-top-right-radius:0px;border-bottom-right-radius:0px;border-bottom-left-radius:0px;}.kadence-column3004_82685b-ed > .kt-inside-inner-col{column-gap:var(--global-kb-gap-sm, 1rem);}.kadence-column3004_82685b-ed > .kt-inside-inner-col{flex-direction:column;}.kadence-column3004_82685b-ed > .kt-inside-inner-col > .aligncenter{width:100%;}.kadence-column3004_82685b-ed > .kt-inside-inner-col{background-color:var(u002du002dwhite);}.kadence-column3004_82685b-ed > .kt-inside-inner-col:before{opacity:0.3;}.kadence-column3004_82685b-ed{text-align:center;}.kadence-column3004_82685b-ed{position:relative;}@media all and (max-width: 1024px){.kadence-column3004_82685b-ed > .kt-inside-inner-col{flex-direction:column;justify-content:center;}}@media all and (max-width: 767px){.kadence-column3004_82685b-ed > .kt-inside-inner-col{flex-direction:column;justify-content:center;}}<\/style>\n<div class=\"wp-block-kadence-column kadence-column3004_82685b-ed\"><div class=\"kt-inside-inner-col\">\n<h2 class=\"wp-block-heading\">Zer dira cookie-ak?<\/h2>\n\n\n\n<p>Webgune honek cookie-ak edo\/eta antzeko teknologiak erabiltzen ditu, zeintzuek informazioa gordetzen eta berreskuratzen baitute erabiltzailearen nabigatzailean eta aukera ematen baitute nabigazioari buruzko informazioa eskuratzeko hainbat helburutarako. Hona hemen teknologia horiei ematen dizkiegun erabilpenak. <\/p>\n\n\n\n<h2 class=\"wp-block-heading\">Cookie motak eta zertarako erabiltzen ditugun<\/h2>\n\n\n\n<p>Webgune honetan cookie propioak (SPRI \u2013 Enpresen Garapenerako Euskal Agentziaren jabetzakoak eta domeinu honetatik sortuak) eta hirugarrenenak (hirugarrenek kudeatzen dituztenak eta, orokorrean, hirugarren horren domeinutik sortzen direnak) erabiltzen ditugu. Cookie horietako batzuk saio cookie-ak dira (informazioa gordetzen eta berreskuratzen dute erabiltzailea webgunera sartzen denean, eta ezabatu egiten dira saioa amaitzean) eta beste batzuk, berriz, iraunkorrak (aurrekoek baino gehiago irauten dute, minutuak zein urteak izan daitezke). <\/p>\n\n\n\n<p>Cookie-politika honetan identifikatutako hirugarrenek transferentziak egiten badituzte hirugarren herrialdeetara, erabiltzaileak posible du horri buruzko informazioa eskuratzea hirugarren horien politiketan (ikusi \u201cHirugarrenen cookie-ak\u201d atalean agertzen diren estekak).<\/p>\n\n\n\n<h2 class=\"wp-block-heading\">Cookie propioak<\/h2>\n\n\n\n<p><strong>Cookie teknikoak<\/strong><br\/>Cookie hauek beharrezkoak dira web orriak funtziona dezan, beraz, ezin dira desaktibatu. Oro har, soilik konfiguratzen dira erabiltzaileak zerbitzuak eskatzean egiten dituen ekintzei erantzuteko, besteak beste pribatutasun lehentasunak ezartzeko, saioa hasteko edo inprimakiak betetzeko, eta inola ere ez dute gordetzen identifikazio pertsonalerako informaziorik. Erabiltzaileak bere nabigatzailea konfiguratzen badu cookie horiek blokeatzeko, web orriak ez du ongi funtzionatuko.  <\/p>\n\n\n\n<h2 class=\"wp-block-heading\">Hirugarrenen cookie-ak<\/h2>\n\n\n\n<h3 class=\"wp-block-heading\"><strong>Webgune honek erabiltzen dituen cookie-ak<\/strong><\/h3>\n\n\n\n<h4 class=\"wp-block-heading\"><strong>Analisi cookie-ak<\/strong><\/h4>\n\n\n\n<p>Web orrien jabeei laguntzen diete ulertzen nola harremantzen diren bisitariak euren web orriekin, informazio anonimoa bilduz eta eskainiz.<\/p>\n\n\n\n<figure class=\"wp-block-table\"><table><thead><tr><th>Hornitzailea<\/th><th>Iraupen muga<\/th><th>Informazio gehiago<\/th><\/tr><\/thead><tbody><tr><th>Google<\/th><td>24 hilabete<\/td><td><a href=\"https:\/\/policies.google.com\/technologies\/cookies?hl=es\" target=\"_blank\" rel=\"noreferrer noopener\">Nola erabiltzen dituen Google-k cookie-ak<\/a><a href=\"https:\/\/policies.google.com\/technologies\/cookies?hl=es#types-of-cookies\" target=\"_blank\" rel=\"noreferrer noopener\">Google-k erabiltzen dituen cookie-motak<\/a><a href=\"https:\/\/developers.google.com\/analytics\/devguides\/collection\/analyticsjs\/cookie-usage?hl=es\" target=\"_blank\" rel=\"noreferrer noopener\">Google Analytics programari buruzko informazioa<\/a><\/td><\/tr><\/tbody><\/table><\/figure>\n\n\n\n<h4 class=\"wp-block-heading\"><strong>Portaeraren araberako publizitate cookie-ak<\/strong><\/h4>\n\n\n\n<p>Cookie hauen bitartez, erabiltzailearen Interneteko nabigazio-ohiturak aztertzen dira, horrela bere nabigazio-profilaren araberako publizitatea erakusteko.<\/p>\n\n\n\n<figure class=\"wp-block-table\"><table><thead><tr><th>Hornitzailea<\/th><th>Iraupen muga<\/th><th>Informazio gehiago<\/th><\/tr><\/thead><tbody><tr><th>YouTube<\/th><td>Iraunkorra<\/td><td><a href=\"https:\/\/policies.google.com\/technologies\/types?hl=es\" target=\"_blank\" rel=\"noreferrer noopener\">YouTube: informazio gehiago<\/a><\/td><\/tr><tr><th>Active Campaign<\/th><td>30 egun<\/td><td><a href=\"https:\/\/www.activecampaign.com\/legal\/cookie-policy\" target=\"_blank\" rel=\"noreferrer noopener\">Kanpaina aktiboa: informazio gehiago<\/a><\/td><\/tr><tr><th>Google Maps<\/th><td>6 hilabete<\/td><td><a href=\"https:\/\/policies.google.com\/technologies\/types?hl=es\" target=\"_blank\" rel=\"noreferrer noopener\">Google Maps: informazio gehiago<\/a><\/td><\/tr><tr><th>Google reCaptcha<\/th><td>6 hilabete<\/td><td><a href=\"https:\/\/policies.google.com\/technologies\/types?hl=es\" target=\"_blank\" rel=\"noreferrer noopener\">Google Recaptcha: informazio gehiago<\/a><\/td><\/tr><\/tbody><\/table><\/figure>\n\n\n\n<h3 class=\"wp-block-heading\">Aldatu zure baimenaren ezarpenak<\/h3>\n\n\n\n<p>T\u00e9cnicasSiempre activoEstad\u00edsticasEstad\u00edsticasMarketingMarketing<\/p>\n\n\n\n<hr class=\"wp-block-separator has-alpha-channel-opacity\"\/>\n\n\n\n<h4 class=\"wp-block-heading\"><strong>Nola desaktibatu edo ezabatu cookie-ak?<\/strong><\/h4>\n\n\n\n<p>Erabiltzaileak uneoro onartu, konfiguratu eta errefusatu ditzake <strong>cookie propioak<\/strong> konfigurazio paneletik.<\/p>\n\n\n\n<p>Kontuan izan: erabiltzaileak <strong>hirugarrenen cookie-ak<\/strong> onartzen baditu, nabigatzailearen aukeretara edo hirugarrenak eskaintzen duen sistemara jo beharko du cookie horiek ezabatzeko.<\/p>\n\n\n\n<p>Hona hemen hainbat nabigatzailek ematen dituzten argibideak:<\/p>\n\n\n\n<ul class=\"wp-block-list\">\n<li><a href=\"https:\/\/support.google.com\/chrome\/answer\/95647?hl=es\">Google Chrome<\/a><\/li>\n\n\n\n<li><a href=\"https:\/\/basquetrade.spri.eus\/support.mozilla.org\/es\/kb\/cookies-informacion-que-los-sitios-web-guardan-en-\">Mozilla Firefox<\/a><\/li>\n\n\n\n<li><a href=\"http:\/\/windows.microsoft.com\/es-es\/internet-explorer\/delete-manage-cookies#ie=ie-11\">Internet Explorer<\/a><\/li>\n\n\n\n<li><a href=\"https:\/\/support.microsoft.com\/es-es\/help\/4027947\/microsoft-edge-delete-cookies\">Microsoft Edge<\/a><\/li>\n\n\n\n<li><a href=\"https:\/\/support.apple.com\/es-es\/guide\/safari\/sfri11471\/mac\">Safaria<\/a><\/li>\n<\/ul>\n\n\n\n<p>Hirugarren batzuek orobat eskaintzen dituzte cookie-ak errefusatzeko sistemak <em>(opt-out) <\/em>edo beste konponbide batzuk:<\/p>\n\n\n\n<ul class=\"wp-block-list\">\n<li>Facebook:<a href=\"https:\/\/www.facebook.com\/ads\/preferences\/edit\/\"> iragarkien lehentasunak<\/a> eta <a href=\"https:\/\/www.facebook.com\/ads\/settings\">iragarkien konfigurazioa<\/a><\/li>\n\n\n\n<li>Google: <a href=\"https:\/\/tools.google.com\/dlpage\/gaoptout?hl=None\">Google Analytics desgaitzeko osagarria<\/a>, <a href=\"https:\/\/adssettings.google.com\/?hl=es\">desaktibatu Google Chrome nabigatzaileko iragarkien pertsonalizazioa<\/a> eta <a href=\"https:\/\/chrome.google.com\/webstore\/detail\/iba-opt-out-by-google\/gbiekjoijknlhijdjbaadobpkdhmoebb?hl=es\">luzapenak DoubleClick-en publizitate cookie-ak errefusatzeko (opt-out)<\/a><\/li>\n\n\n\n<li>Twitter:<a href=\"https:\/\/twitter.com\/settings\/account\/personalization\"> errefusatu iragarkien pertsonalizazioa (opt-out)<\/a><\/li>\n\n\n\n<li><a href=\"https:\/\/www.adobe.com\/es\/privacy\/cookies.html\">Adobe<\/a><\/li>\n<\/ul>\n\n\n\n<p>Erabiltzaileak lehenbizi onartu egiten badu cookie-en erabilpena eta gero errefusatu, cookie horietako batzuk gailuan instalatuta geratuko dira. Ezabatu nahi baditu, nabigatzailean sartu beharko du, atal honetan gorago adierazten den bezala. <\/p>\n\n\n\n<p><strong>Cookie politikaren eguneratzeak eta aldaketak<\/strong><\/p>\n\n\n\n<p>SPRI \u2013 Enpresen Garapenerako Euskal Agentziak Cookie-politika hau alda dezake lege edo araudietan eskakizun berriak sortzen badira, edo politika hori Datuen Babeserako Espainiako Agentziak emandako jarraibideetara egokitu behar bada.<\/p>\n\n\n\n<p>Cookie-politika honetan aldaketa esanguratsuak gertatzen direnean, horren berri emango zaio erabiltzaileari, eta beharrezkoa bada, cookie-ak erabiltzeko baimena eskatuko zaio.<\/p>\n<\/div><\/div>\n\n<\/div><\/div>","protected":false},"excerpt":{"rendered":"<p>Cookie politika Zer dira cookie-ak? Webgune honek cookie-ak edo\/eta antzeko teknologiak erabiltzen ditu, zeintzuek informazioa gordetzen eta berreskuratzen baitute erabiltzailearen nabigatzailean eta aukera ematen baitute nabigazioari buruzko informazioa eskuratzeko hainbat helburutarako. Hona hemen teknologia horiei ematen dizkiegun erabilpenak. Cookie motak eta zertarako erabiltzen ditugun Webgune honetan cookie propioak (SPRI \u2013 Enpresen Garapenerako Euskal Agentziaren jabetzakoak &#8230; <a title=\"Cookie politika\" class=\"read-more\" href=\"https:\/\/basquetrade.spri.eus\/eu\/cookie-politika\/\" aria-label=\"Read more about Cookie politika\">Read more<\/a><\/p>\n","protected":false},"author":1,"featured_media":0,"parent":0,"menu_order":0,"comment_status":"closed","ping_status":"closed","template":"","meta":{"footnotes":""},"class_list":["post-14757","page","type-page","status-publish"],"yoast_head":"<!-- This site is optimized with the Yoast SEO Premium plugin v25.9 (Yoast SEO v25.9) - https:\/\/yoast.com\/wordpress\/plugins\/seo\/ -->\n<title>Cookie politika - Basque Trade &amp; Investment<\/title>\n<meta name=\"robots\" content=\"index, follow, max-snippet:-1, max-image-preview:large, max-video-preview:-1\" \/>\n<link rel=\"canonical\" href=\"https:\/\/basquetrade.spri.eus\/politica-de-cookies\/\" \/>\n<meta property=\"og:locale\" content=\"eu_ES\" \/>\n<meta property=\"og:type\" content=\"article\" \/>\n<meta property=\"og:title\" content=\"Cookie politika\" \/>\n<meta property=\"og:description\" content=\"Cookie politika Zer dira cookie-ak? Webgune honek cookie-ak edo\/eta antzeko teknologiak erabiltzen ditu, zeintzuek informazioa gordetzen eta berreskuratzen baitute erabiltzailearen nabigatzailean eta aukera ematen baitute nabigazioari buruzko informazioa eskuratzeko hainbat helburutarako. Hona hemen teknologia horiei ematen dizkiegun erabilpenak. Cookie motak eta zertarako erabiltzen ditugun Webgune honetan cookie propioak (SPRI \u2013 Enpresen Garapenerako Euskal Agentziaren jabetzakoak ... Read more\" \/>\n<meta property=\"og:url\" content=\"https:\/\/basquetrade.spri.eus\/politica-de-cookies\/\" \/>\n<meta property=\"og:site_name\" content=\"Basque Trade &amp; Investment\" \/>\n<meta property=\"article:modified_time\" content=\"2025-02-12T16:07:50+00:00\" \/>\n<meta name=\"twitter:card\" content=\"summary_large_image\" \/>\n<meta name=\"twitter:label1\" content=\"Est. reading time\" \/>\n\t<meta name=\"twitter:data1\" content=\"2 minutes\" \/>\n<script type=\"application\/ld+json\" class=\"yoast-schema-graph\">{\"@context\":\"https:\/\/schema.org\",\"@graph\":[{\"@type\":\"WebPage\",\"@id\":\"https:\/\/basquetrade.spri.eus\/politica-de-cookies\/\",\"url\":\"https:\/\/basquetrade.spri.eus\/politica-de-cookies\/\",\"name\":\"Cookie politika - Basque Trade &amp; Investment\",\"isPartOf\":{\"@id\":\"https:\/\/basquetrade.spri.eus\/#website\"},\"datePublished\":\"2024-05-22T16:32:35+00:00\",\"dateModified\":\"2025-02-12T16:07:50+00:00\",\"breadcrumb\":{\"@id\":\"https:\/\/basquetrade.spri.eus\/politica-de-cookies\/#breadcrumb\"},\"inLanguage\":\"eu-ES\",\"potentialAction\":[{\"@type\":\"ReadAction\",\"target\":[\"https:\/\/basquetrade.spri.eus\/politica-de-cookies\/\"]}]},{\"@type\":\"BreadcrumbList\",\"@id\":\"https:\/\/basquetrade.spri.eus\/politica-de-cookies\/#breadcrumb\",\"itemListElement\":[{\"@type\":\"ListItem\",\"position\":1,\"name\":\"Portada\",\"item\":\"https:\/\/basquetrade.spri.eus\/eu\/\"},{\"@type\":\"ListItem\",\"position\":2,\"name\":\"Cookie politika\"}]},{\"@type\":\"WebSite\",\"@id\":\"https:\/\/basquetrade.spri.eus\/#website\",\"url\":\"https:\/\/basquetrade.spri.eus\/\",\"name\":\"Basque Trade &amp; Investment\",\"description\":\"Agencia Vasca de Internacionalizaci\u00f3n \u2013 Basque Trade &amp; Investment\",\"publisher\":{\"@id\":\"https:\/\/basquetrade.spri.eus\/#organization\"},\"potentialAction\":[{\"@type\":\"SearchAction\",\"target\":{\"@type\":\"EntryPoint\",\"urlTemplate\":\"https:\/\/basquetrade.spri.eus\/?s={search_term_string}\"},\"query-input\":{\"@type\":\"PropertyValueSpecification\",\"valueRequired\":true,\"valueName\":\"search_term_string\"}}],\"inLanguage\":\"eu-ES\"},{\"@type\":\"Organization\",\"@id\":\"https:\/\/basquetrade.spri.eus\/#organization\",\"name\":\"Basque Trade &amp; Investment\",\"url\":\"https:\/\/basquetrade.spri.eus\/\",\"logo\":{\"@type\":\"ImageObject\",\"inLanguage\":\"eu-ES\",\"@id\":\"https:\/\/basquetrade.spri.eus\/#\/schema\/logo\/image\/\",\"url\":\"https:\/\/basquetrade.spri.eus\/\/wp-content\/uploads\/2025\/04\/head-logo-BasqueTrade.jpg\",\"contentUrl\":\"https:\/\/basquetrade.spri.eus\/\/wp-content\/uploads\/2025\/04\/head-logo-BasqueTrade.jpg\",\"width\":230,\"height\":100,\"caption\":\"Basque Trade &amp; Investment\"},\"image\":{\"@id\":\"https:\/\/basquetrade.spri.eus\/#\/schema\/logo\/image\/\"}}]}<\/script>\n<!-- \/ Yoast SEO Premium plugin. -->","yoast_head_json":{"title":"Cookie politika - Basque Trade &amp; Investment","robots":{"index":"index","follow":"follow","max-snippet":"max-snippet:-1","max-image-preview":"max-image-preview:large","max-video-preview":"max-video-preview:-1"},"canonical":"https:\/\/basquetrade.spri.eus\/politica-de-cookies\/","og_locale":"eu_ES","og_type":"article","og_title":"Cookie politika","og_description":"Cookie politika Zer dira cookie-ak? Webgune honek cookie-ak edo\/eta antzeko teknologiak erabiltzen ditu, zeintzuek informazioa gordetzen eta berreskuratzen baitute erabiltzailearen nabigatzailean eta aukera ematen baitute nabigazioari buruzko informazioa eskuratzeko hainbat helburutarako. Hona hemen teknologia horiei ematen dizkiegun erabilpenak. Cookie motak eta zertarako erabiltzen ditugun Webgune honetan cookie propioak (SPRI \u2013 Enpresen Garapenerako Euskal Agentziaren jabetzakoak ... Read more","og_url":"https:\/\/basquetrade.spri.eus\/politica-de-cookies\/","og_site_name":"Basque Trade &amp; Investment","article_modified_time":"2025-02-12T16:07:50+00:00","twitter_card":"summary_large_image","twitter_misc":{"Est. reading time":"2 minutes"},"schema":{"@context":"https:\/\/schema.org","@graph":[{"@type":"WebPage","@id":"https:\/\/basquetrade.spri.eus\/politica-de-cookies\/","url":"https:\/\/basquetrade.spri.eus\/politica-de-cookies\/","name":"Cookie politika - Basque Trade &amp; Investment","isPartOf":{"@id":"https:\/\/basquetrade.spri.eus\/#website"},"datePublished":"2024-05-22T16:32:35+00:00","dateModified":"2025-02-12T16:07:50+00:00","breadcrumb":{"@id":"https:\/\/basquetrade.spri.eus\/politica-de-cookies\/#breadcrumb"},"inLanguage":"eu-ES","potentialAction":[{"@type":"ReadAction","target":["https:\/\/basquetrade.spri.eus\/politica-de-cookies\/"]}]},{"@type":"BreadcrumbList","@id":"https:\/\/basquetrade.spri.eus\/politica-de-cookies\/#breadcrumb","itemListElement":[{"@type":"ListItem","position":1,"name":"Portada","item":"https:\/\/basquetrade.spri.eus\/eu\/"},{"@type":"ListItem","position":2,"name":"Cookie politika"}]},{"@type":"WebSite","@id":"https:\/\/basquetrade.spri.eus\/#website","url":"https:\/\/basquetrade.spri.eus\/","name":"Basque Trade &amp; Investment","description":"Agencia Vasca de Internacionalizaci\u00f3n \u2013 Basque Trade &amp; Investment","publisher":{"@id":"https:\/\/basquetrade.spri.eus\/#organization"},"potentialAction":[{"@type":"SearchAction","target":{"@type":"EntryPoint","urlTemplate":"https:\/\/basquetrade.spri.eus\/?s={search_term_string}"},"query-input":{"@type":"PropertyValueSpecification","valueRequired":true,"valueName":"search_term_string"}}],"inLanguage":"eu-ES"},{"@type":"Organization","@id":"https:\/\/basquetrade.spri.eus\/#organization","name":"Basque Trade &amp; Investment","url":"https:\/\/basquetrade.spri.eus\/","logo":{"@type":"ImageObject","inLanguage":"eu-ES","@id":"https:\/\/basquetrade.spri.eus\/#\/schema\/logo\/image\/","url":"https:\/\/basquetrade.spri.eus\/\/wp-content\/uploads\/2025\/04\/head-logo-BasqueTrade.jpg","contentUrl":"https:\/\/basquetrade.spri.eus\/\/wp-content\/uploads\/2025\/04\/head-logo-BasqueTrade.jpg","width":230,"height":100,"caption":"Basque Trade &amp; Investment"},"image":{"@id":"https:\/\/basquetrade.spri.eus\/#\/schema\/logo\/image\/"}}]}},"_links":{"self":[{"href":"https:\/\/basquetrade.spri.eus\/eu\/wp-json\/wp\/v2\/pages\/14757","targetHints":{"allow":["GET"]}}],"collection":[{"href":"https:\/\/basquetrade.spri.eus\/eu\/wp-json\/wp\/v2\/pages"}],"about":[{"href":"https:\/\/basquetrade.spri.eus\/eu\/wp-json\/wp\/v2\/types\/page"}],"author":[{"embeddable":true,"href":"https:\/\/basquetrade.spri.eus\/eu\/wp-json\/wp\/v2\/users\/1"}],"replies":[{"embeddable":true,"href":"https:\/\/basquetrade.spri.eus\/eu\/wp-json\/wp\/v2\/comments?post=14757"}],"version-history":[{"count":0,"href":"https:\/\/basquetrade.spri.eus\/eu\/wp-json\/wp\/v2\/pages\/14757\/revisions"}],"wp:attachment":[{"href":"https:\/\/basquetrade.spri.eus\/eu\/wp-json\/wp\/v2\/media?parent=14757"}],"curies":[{"name":"wp","href":"https:\/\/api.w.org\/{rel}","templated":true}]}}